{"id":2644,"date":"2024-02-15T11:57:31","date_gmt":"2024-02-15T11:57:31","guid":{"rendered":"https:\/\/www.fanzword.com\/faq\/"},"modified":"2025-05-08T07:44:10","modified_gmt":"2025-05-08T07:44:10","slug":"faq","status":"publish","type":"page","link":"https:\/\/www.fanzword.com\/fr\/faq\/","title":{"rendered":"FAQ"},"content":{"rendered":"\t\t<div data-elementor-type=\"wp-page\" data-elementor-id=\"2644\" class=\"elementor elementor-2644 elementor-2609\" data-elementor-post-type=\"page\">\n\t\t\t\t<div class=\"elementor-element elementor-element-0ed5d68 e-flex e-con-boxed e-con e-parent\" data-id=\"0ed5d68\" data-element_type=\"container\">\n\t\t\t\t\t<div class=\"e-con-inner\">\n\t\t\t\t\t<\/div>\n\t\t\t\t<\/div>\n\t\t<div class=\"elementor-element elementor-element-ce1242e e-flex e-con-boxed e-con e-parent\" data-id=\"ce1242e\" data-element_type=\"container\">\n\t\t\t\t\t<div class=\"e-con-inner\">\n\t\t\t\t<div class=\"elementor-element elementor-element-26d4560 elementor-widget elementor-widget-text-editor\" data-id=\"26d4560\" data-element_type=\"widget\" data-widget_type=\"text-editor.default\">\n\t\t\t\t<div class=\"elementor-widget-container\">\n\t\t\t\t\t\t\t\t\t<h2 class=\"font_2 wixui-rich-text__text\"><span class=\"wixui-rich-text__text\">1. Qu\u2019est-ce que Fanzword ?<\/span><\/h2><p class=\"font_8 wixui-rich-text__text\">Fanzword est une plateforme d\u2019engagement d\u00e9di\u00e9e aux fans de football, disponible sur iOS, Android et AppGallery. Elle permet aux fans de suivre les matchs, partager leurs opinions, faire des pronostics et participer \u00e0 des concours, tout en gagnant des points et des r\u00e9compenses. Elle a \u00e9t\u00e9 con\u00e7ue pour rendre le football plus interactif, amusant et gratifiant.<\/p><p>\u200b<\/p><h2 class=\"font_2 wixui-rich-text__text\"><span class=\"wixui-rich-text__text\">2. Quelles sont les fonctionnalit\u00e9s d\u2019interaction disponibles ?<\/span><\/h2><p class=\"font_8 wixui-rich-text__text\"><span class=\"wixui-rich-text__text\">Pour chaque match disponible sur la plate-forme, les utilisateurs peuvent effectuer les op\u00e9rations suivantes :<\/span><\/p><ul class=\"font_8 wixui-rich-text__text\"><li class=\"wixui-rich-text__text\"><p class=\"font_8 wixui-rich-text__text\"><span class=\"wixui-rich-text__text\">\u00c9valuation des joueurs (Partagez votre opinion sur les performances des joueurs)<\/span><\/p><\/li><li class=\"wixui-rich-text__text\"><p class=\"font_8 wixui-rich-text__text\"><span class=\"wixui-rich-text__text\">\u00c9valuation des matchs (Quelle \u00e9tait la qualit\u00e9 du match, vous d\u00e9cidez)<\/span><\/p><\/li><li class=\"wixui-rich-text__text\"><p class=\"font_8 wixui-rich-text__text\"><span class=\"wixui-rich-text__text\">Recommandation de substitutions (sugg\u00e9rez une substitution que le gestionnaire du match devrait faire)<\/span><\/p><\/li><li class=\"wixui-rich-text__text\"><p class=\"font_8 wixui-rich-text__text\"><span class=\"wixui-rich-text__text\">Discussion du match (partagez votre opinion et ajoutez une image \/ GIF sur n\u2019importe quoi dans le match)<\/span><\/p><\/li><li class=\"wixui-rich-text__text\"><p class=\"font_8 wixui-rich-text__text\"><span class=\"wixui-rich-text__text\">Pr\u00e9diction de score (Pr\u00e9dire le score du match, la premi\u00e8re \u00e9quipe et le premier joueur qui va marquer un but).<\/span><\/p><\/li><\/ul><p class=\"font_8 wixui-rich-text__text\"><span class=\"wixui-rich-text__text\"><span class=\"wixGuard wixui-rich-text__text\">\u200b<\/span><\/span><\/p><h2 class=\"font_2 wixui-rich-text__text\"><span class=\"wixui-rich-text__text\">3. Y a-t-il une limite de nombre de substitutions que je peux faire par match ?<\/span><\/h2><p class=\"font_8 wixui-rich-text__text\"><span class=\"wixui-rich-text__text\">Oui, vous pouvez sugg\u00e9rer un maximum de 5 substitutions par match.<\/span><\/p><p class=\"font_8 wixui-rich-text__text\"><span class=\"wixui-rich-text__text\"><span class=\"wixGuard wixui-rich-text__text\">\u200b<\/span><\/span><\/p><h2 class=\"font_2 wixui-rich-text__text\"><span class=\"wixui-rich-text__text\">4. O\u00f9 puis-je v\u00e9rifier les d\u00e9tails de mes points ?<\/span><\/h2><p class=\"font_8 wixui-rich-text__text\"><span class=\"wixui-rich-text__text\">Dans la section interaction de match,vous pouvez appuyer sur Points gagn\u00e9s pour voir les d\u00e9tails des points que vous avez gagn\u00e9s. Vous pouvez \u00e9galement v\u00e9rifier le total des points de vos interactions sur tous les matchs de votre profil ou du classement.<\/span><\/p><p class=\"font_8 wixui-rich-text__text\"><span class=\"wixui-rich-text__text\"><span class=\"wixGuard wixui-rich-text__text\">\u200b<\/span><\/span><\/p><h2 class=\"font_2 wixui-rich-text__text\"><span class=\"wixui-rich-text__text\">5. Comment les points sont-ils calcul\u00e9s ?<\/span><\/h2><p class=\"font_8 wixui-rich-text__text\"><span class=\"wixui-rich-text__text\">Veuillez consulter la section R\u00e8gles du jeu pour voir les d\u00e9tails du calcul des points.<\/span><\/p><p class=\"font_8 wixui-rich-text__text\"><span class=\"wixui-rich-text__text\"><span class=\"wixGuard wixui-rich-text__text\">\u200b<\/span><\/span><\/p><h2 class=\"font_2 wixui-rich-text__text\"><span class=\"wixui-rich-text__text\">6. Quels prix puis-je gagner ?<\/span><\/h2><p class=\"font_8 wixui-rich-text__text\"><span class=\"wixui-rich-text__text\">Veuillez consulter la section R\u00e8gles du jeu pour voir les prix que nous offrons pour diff\u00e9rentes ligues et tournois.<\/span><\/p><h2 class=\"font_2 wixui-rich-text__text\"><span class=\"wixui-rich-text__text\">7. Quels sont les tournois couverts ?<\/span><\/h2><p class=\"font_8 wixui-rich-text__text\"><span class=\"wixui-rich-text__text\">Nous couvrons l\u2019Euro 2020, la Premier League anglaise et la Liga espagnole et nous pr\u00e9voyons d\u2019ajouter beaucoup plus de ligues et de coupes tr\u00e8s bient\u00f4t. S\u2019il y a une ligue ou une coupe sp\u00e9cifique que vous souhaitez que nous ajoutions, vous pouvez toujours nous contacter sur .\u00a0<a class=\"wixui-rich-text__text\" href=\"mailto:contact@fanzword.com\" data-auto-recognition=\"true\">contact@fanzword.com<\/a>\u00a0.<\/span><\/p><p class=\"font_8 wixui-rich-text__text\"><span class=\"wixui-rich-text__text\"><span class=\"wixGuard wixui-rich-text__text\">\u200b<\/span><\/span><\/p><h2 class=\"font_2 wixui-rich-text__text\"><span class=\"wixui-rich-text__text\">8. When are points getting reflected?<\/span><\/h2><p class=\"font_8 wixui-rich-text__text\"><span class=\"wixui-rich-text__text\">La plupart des points seront refl\u00e9t\u00e9s instantan\u00e9ment, mais pour certaines fonctionnalit\u00e9s, cela peut prendre jusqu\u2019\u00e0 24 heures.<\/span><\/p><p class=\"font_8 wixui-rich-text__text\"><span class=\"wixui-rich-text__text\"><span class=\"wixGuard wixui-rich-text__text\">\u200b<\/span><\/span><\/p><h2 class=\"font_2 wixui-rich-text__text\"><span class=\"wixui-rich-text__text\">9. Que dois-je faire si les points calcul\u00e9s ne me semblent pas corrects ?<\/span><\/h2><p class=\"font_8 wixui-rich-text__text\"><span class=\"wixui-rich-text__text\">Nous cherchons toujours \u00e0 le faire le plus pr\u00e9cis\u00e9ment possible, mais si vous pensez que quelque chose ne va pas, vous pouvez partager les d\u00e9tails sur contact\u00a0<a class=\"wixui-rich-text__text\" href=\"mailto:contact@fanzword.com\" data-auto-recognition=\"true\">contact@fanzword.com<\/a>\u00a0et nous l\u2019examinerons.<\/span><\/p><p class=\"font_8 wixui-rich-text__text\"><span class=\"wixui-rich-text__text\"><span class=\"wixGuard wixui-rich-text__text\">\u200b<\/span><\/span><\/p><h2 class=\"font_2 wixui-rich-text__text\"><span class=\"wixui-rich-text__text\">10. Quand puis-je commencer \u00e0 interagir sur un certain match ?<\/span><\/h2><p class=\"font_8 wixui-rich-text__text\"><span class=\"wixui-rich-text__text\"><span class=\"inherit-font-size wixui-rich-text__text\">\u00c9valuer un joueur : heure de d\u00e9but : lorsque le match commence \/ \u00a0heure de fin : 24 heures apr\u00e8s la fin du match.<br class=\"wixui-rich-text__text\" \/>\u00c9valuez un objectif : Heure de d\u00e9but : Quand le match commence \/ Heure de fin : 24 heures apr\u00e8s la fin du match.<br class=\"wixui-rich-text__text\" \/>Sous-recommander : Heure de d\u00e9but : Quand le match commence \/ Heure de fin : Quand le match se term<\/span><span class=\"inherit-font-size wixui-rich-text__text\">ine.<br class=\"wixui-rich-text__text\" \/>Discussion sur le match : Heure de d\u00e9but : 48 heures avant le d\u00e9but du match \/ Heure de fin : 24 heures apr\u00e8s la fin du match.<br class=\"wixui-rich-text__text\" \/>Pr\u00e9diction de score : Heure de d\u00e9but : Toujours disponible \/ Heure de fin : Quand le match commence.<br class=\"wixui-rich-text__text\" \/>Partager l\u2019application : Heure de d\u00e9but : Toujours disponible \/ Heure de fin : Toujours disponible.<\/span><\/span><\/p><p class=\"font_8 wixui-rich-text__text\"><span class=\"wixui-rich-text__text\"><span class=\"wixGuard wixui-rich-text__text\">\u200b<\/span><\/span><\/p><p class=\"font_8 wixui-rich-text__text\"><span class=\"wixui-rich-text__text\"><span class=\"wixGuard wixui-rich-text__text\">\u200b<\/span><\/span><\/p><h2 class=\"font_2 wixui-rich-text__text\"><span class=\"wixui-rich-text__text\">11. Quand les \u00e9v\u00e9nements du jeu sont-ils mis \u00e0 jour ?<\/span><\/h2><p class=\"font_8 wixui-rich-text__text\"><span class=\"wixui-rich-text__text\">Les \u00e9v\u00e9nements de jeu sont normalement mis \u00e0 jour instantan\u00e9ment, mais nous sommes rarement confront\u00e9s \u00e0 des retards de la part de notre fournisseur de donn\u00e9es. Si vous rencontrez des probl\u00e8mes ou avez des commentaires, vous pouvez toujours nous contacter sur\u00a0<a class=\"wixui-rich-text__text\" href=\"mailto:contact@fanzword.com\" data-auto-recognition=\"true\">contact@fanzword.com<\/a>\u00a0.<\/span><\/p><p class=\"font_8 wixui-rich-text__text\"><span class=\"wixui-rich-text__text\"><span class=\"wixGuard wixui-rich-text__text\">\u200b<\/span><\/span><\/p><h2 class=\"font_2 wixui-rich-text__text\"><span class=\"wixui-rich-text__text\">12. Que sont les points bonus ?<\/span><\/h2><p class=\"font_8 wixui-rich-text__text\"><span class=\"wixui-rich-text__text\">Les points bonus sont les points que vous gagnez en partageant l\u2019application avec vos amis, vous pouvez v\u00e9rifier les d\u00e9tails dans la section R\u00e8gles du jeu.<\/span><\/p><p class=\"font_8 wixui-rich-text__text\"><span class=\"wixui-rich-text__text\"><span class=\"wixGuard wixui-rich-text__text\">\u200b<\/span><\/span><\/p><h2 class=\"font_2 wixui-rich-text__text\"><span class=\"wixui-rich-text__text\">13. Pourquoi ne puis-je pas voir la note moyenne des autres fans ? Il appara\u00eet comme ND.<\/span><\/h2><p class=\"font_8 wixui-rich-text__text\"><span class=\"wixui-rich-text__text\">Les notes moyennes (bas\u00e9es sur les notes des autres fans) ne sont disponibles qu\u2019apr\u00e8s la fin du match, pendant le match, elles appara\u00eetront toujours sous la forme ND.<\/span><\/p><h2 class=\"font_2 wixui-rich-text__text\"><span class=\"wixui-rich-text__text\">Contactez \u2013 nous<\/span><\/h2><p class=\"font_8 wixui-rich-text__text\"><span class=\"wixui-rich-text__text\">Si votre question n\u2019est pas r\u00e9pondue ci-dessus ou dans le r\u00e8glement du jeu, vous pouvez nous contacter sur\u00a0<a class=\"wixui-rich-text__text\" href=\"mailto:contact@fanzword.com\" data-auto-recognition=\"true\">contact@fanzword.com<\/a><\/span><\/p>\t\t\t\t\t\t\t\t<\/div>\n\t\t\t\t<\/div>\n\t\t\t\t\t<\/div>\n\t\t\t\t<\/div>\n\t\t\t\t<\/div>\n\t\t","protected":false},"excerpt":{"rendered":"<p>FAQ 1. Qu\u2019est-ce que Fanzword ? Fanzword est une plateforme d\u2019engagement d\u00e9di\u00e9e aux fans de football, disponible sur iOS, Android et AppGallery. Elle permet aux fans de suivre les matchs, partager leurs opinions, faire des pronostics et participer \u00e0 des concours, tout en gagnant des points et des r\u00e9compenses. Elle a \u00e9t\u00e9 con\u00e7ue pour rendre [&hellip;]<\/p>\n","protected":false},"author":2,"featured_media":0,"parent":0,"menu_order":0,"comment_status":"closed","ping_status":"closed","template":"","meta":{"sfio_featured_image":false,"sfio_embed_code":"","footnotes":""},"class_list":["post-2644","page","type-page","status-publish","hentry"],"_links":{"self":[{"href":"https:\/\/www.fanzword.com\/fr\/wp-json\/wp\/v2\/pages\/2644","targetHints":{"allow":["GET"]}}],"collection":[{"href":"https:\/\/www.fanzword.com\/fr\/wp-json\/wp\/v2\/pages"}],"about":[{"href":"https:\/\/www.fanzword.com\/fr\/wp-json\/wp\/v2\/types\/page"}],"author":[{"embeddable":true,"href":"https:\/\/www.fanzword.com\/fr\/wp-json\/wp\/v2\/users\/2"}],"replies":[{"embeddable":true,"href":"https:\/\/www.fanzword.com\/fr\/wp-json\/wp\/v2\/comments?post=2644"}],"version-history":[{"count":9,"href":"https:\/\/www.fanzword.com\/fr\/wp-json\/wp\/v2\/pages\/2644\/revisions"}],"predecessor-version":[{"id":48068,"href":"https:\/\/www.fanzword.com\/fr\/wp-json\/wp\/v2\/pages\/2644\/revisions\/48068"}],"wp:attachment":[{"href":"https:\/\/www.fanzword.com\/fr\/wp-json\/wp\/v2\/media?parent=2644"}],"curies":[{"name":"wp","href":"https:\/\/api.w.org\/{rel}","templated":true}]}}